{"id":10,"date":"2025-12-18T17:44:50","date_gmt":"2025-12-18T17:44:50","guid":{"rendered":"https:\/\/treatable.dk\/?page_id=10"},"modified":"2026-04-05T05:44:13","modified_gmt":"2026-04-05T05:44:13","slug":"home","status":"publish","type":"page","link":"https:\/\/treatable.dk\/","title":{"rendered":""},"content":{"rendered":"<h1>En varig l\u00f8sning<\/h1>\n<h1>p\u00e5 dine smerter ?<\/h1>\n<h1>Book en gratis &amp; uforpligtende snak i dag og f\u00e5 professionel hj\u00e6lp til din udfordring<\/h1>\n<p>\t\t\t\t\t<a href=\"https:\/\/system.easypractice.net\/book\/fysiocamp?service=281272#choose-where\"><br \/>\n\t\t\t\t\t\t\t\t\t\tBook tid<br \/>\n\t\t\t\t\t\t\t<\/a><br \/>\n\t\t\t\t\t<a href=\"#kontakt\"><br \/>\n\t\t\t\t\t\t\t\t\t\tKontakt<br \/>\n\t\t\t\t\t\t\t<\/a><\/p>\n<h2>\n\t\t\t\t\t\t\t\t\t\t\tHurtig &amp; professionel<br \/>\n\t\t\t\t\t\t\t\t\t\t\t.<br \/>\n\t\t\t\t\t\t\t\t\t\t\tbehandling Aarhus<br \/>\n\t\t\t\t\t\t\t\t\t<\/h2>\n<figure><img decoding=\"async\" src=\"https:\/\/treatable.dk\/wp-content\/uploads\/2025\/12\/PXL_20251103_121533542.MP2_-scaled-1.jpg\" alt=\"PXL_20251103_121533542.MP2_-scaled.jpg\" \/><\/figure>\n<figure><img decoding=\"async\" src=\"https:\/\/treatable.dk\/wp-content\/uploads\/2025\/12\/PXL_20251103_122711501.MP2_-scaled-1.jpg\" alt=\"PXL_20251103_122711501.MP2_-scaled.jpg\" \/><\/figure>\n<figure><img decoding=\"async\" src=\"https:\/\/treatable.dk\/wp-content\/uploads\/2025\/12\/PXL_20251103_1228537552-scaled-1.jpg\" alt=\"PXL_20251103_1228537552-scaled.jpg\" \/><\/figure>\n<figure><img decoding=\"async\" src=\"https:\/\/treatable.dk\/wp-content\/uploads\/2025\/12\/PXL_20251103_123347405-scaled-1.jpg\" alt=\"PXL_20251103_123347405-scaled.jpg\" \/><\/figure>\n<figure><img decoding=\"async\" src=\"https:\/\/treatable.dk\/wp-content\/uploads\/2025\/12\/PXL_20251103_124053257.PORTRAIT2-scaled-1.jpg\" alt=\"PXL_20251103_124053257.PORTRAIT2-scaled.jpg\" \/><\/figure>\n<figure><img decoding=\"async\" src=\"https:\/\/treatable.dk\/wp-content\/uploads\/2025\/12\/PXL_20251103_124717580.PORTRAIT2-scaled-1.jpg\" alt=\"PXL_20251103_124717580.PORTRAIT2-scaled.jpg\" \/><\/figure>\n<figure><img decoding=\"async\" src=\"https:\/\/treatable.dk\/wp-content\/uploads\/2025\/12\/PXL_20251103_131711551.MP2_-scaled-1.jpg\" alt=\"PXL_20251103_131711551.MP2_-scaled.jpg\" \/><\/figure>\n<figure><img decoding=\"async\" src=\"https:\/\/treatable.dk\/wp-content\/uploads\/2025\/12\/PXL_20251103_1312448852-scaled-1.jpg\" alt=\"PXL_20251103_1312448852-scaled.jpg\" \/><\/figure>\n<p>\t\t\t\t\t\t<svg aria-hidden=\"true\" viewBox=\"0 0 1000 1000\" xmlns=\"http:\/\/www.w3.org\/2000\/svg\"><path d=\"M646 125C629 125 613 133 604 142L308 442C296 454 292 471 292 487 292 504 296 521 308 533L604 854C617 867 629 875 646 875 663 875 679 871 692 858 704 846 713 829 713 812 713 796 708 779 692 767L438 487 692 225C700 217 708 204 708 187 708 171 704 154 692 142 675 129 663 125 646 125Z\"><\/path><\/svg><br \/>\n\t\t\t\t\t\t<svg aria-hidden=\"true\" viewBox=\"0 0 1000 1000\" xmlns=\"http:\/\/www.w3.org\/2000\/svg\"><path d=\"M696 533C708 521 713 504 713 487 713 471 708 454 696 446L400 146C388 133 375 125 354 125 338 125 325 129 313 142 300 154 292 171 292 187 292 204 296 221 308 233L563 492 304 771C292 783 288 800 288 817 288 833 296 850 308 863 321 871 338 875 354 875 371 875 388 867 400 854L696 533Z\"><\/path><\/svg><br \/>\n\t\t\t\t\t\tJeg havde inden forl\u00f8bet problemer med at l\u00f8be pga smerter fra venstre hofte\/balle, men efter 2 m\u00e5neders forl\u00f8b med styrketr\u00e6ning, er det faktisk forsvundet og jeg l\u00f8ber nu ca. 15-20 km om ugen. Jeg tager lige 2 m\u00e5neder mere!<br \/>\n\u2b50\ufe0f\u2b50\ufe0f\u2b50\ufe0f\u2b50\ufe0f\u2b50\ufe0f<br \/>\n\t\t\t\t\t\t<img decoding=\"async\" src=\"https:\/\/treatable.dk\/wp-content\/uploads\/2025\/12\/Rikke-Moeller-Christensen-1-1-1-1.jpg\" alt=\"Rikke M\u00f8ller Christensen\"><br \/>\n\t\t\t\t\t\t\t\t<cite>Rikke M\u00f8ller Christensen<\/cite><br \/>\n\t\t\t\t\t\tEn helt ny m\u00e5de at tr\u00e6ne p\u00e5! Fantastisk viden fra instrukt\u00f8rerne &#038; godt sammenhold! Jeg fik mere energi i hverdagen &#8211; og sov bedre om natten. Det har givet mig sparket til at komme igang med tr\u00e6ning igen.<br \/>\n\u2b50\ufe0f\u2b50\ufe0f\u2b50\ufe0f\u2b50\ufe0f\u2b50\ufe0f<br \/>\n\t\t\t\t\t\t<img decoding=\"async\" src=\"https:\/\/treatable.dk\/wp-content\/uploads\/2025\/12\/Mette-Hjortshoej-1-1-1-1.jpg\" alt=\"Mette Hjortsh\u00f8j\"><br \/>\n\t\t\t\t\t\t\t\t<cite>Mette Hjortsh\u00f8j<\/cite><br \/>\n\t\t\t\t\t\tFysio Bootcamp tilbyder den sjoveste, mest effektive og mest varierede tr\u00e6ning, jeg endnu har pr\u00f8vet. Kan varmt anbefales enhver, som finder konventionel fitnesscenter-tr\u00e6ning kedeligt, og som desuden v\u00e6gter kropsvenlig tr\u00e6ning h\u00f8jt.<br \/>\n\u2b50\ufe0f\u2b50\ufe0f\u2b50\ufe0f\u2b50\ufe0f\u2b50\ufe0f<br \/>\n\t\t\t\t\t\t<img decoding=\"async\" src=\"https:\/\/treatable.dk\/wp-content\/uploads\/2025\/12\/Mads-Bo-Falk-1-1-1-1.jpg\" alt=\"Mads Bo Falk\"><br \/>\n\t\t\t\t\t\t\t\t<cite>Mads Bo Falk<\/cite><br \/>\n\t\t\t\t\t\tFysio Bootcamp kan anbefales til alle og enhver. Tr\u00e6ningen er h\u00e5rd, sjov, l\u00e6rerig og giver masser af fornyet energi. Samtidig beh\u00f8ver man ikke v\u00e6re i topform for at kunne v\u00e6re med, og der tages h\u00f8jde for eventuelle skader.<br \/>\n\u2b50\ufe0f\u2b50\ufe0f\u2b50\ufe0f\u2b50\ufe0f\u2b50\ufe0f<br \/>\n\t\t\t\t\t\t<img decoding=\"async\" src=\"https:\/\/treatable.dk\/wp-content\/uploads\/2025\/12\/Asta-1-1-1-1.jpg\" alt=\"Asta Stranddorf Gislason\"><br \/>\n\t\t\t\t\t\t\t\t<cite>Asta Stranddorf Gislason<\/cite><br \/>\n\t\t\t\t\t\t\u00c9n ting er helt sikkert, man kan virkelig m\u00e6rke og SE en markant forandring af kroppen p\u00e5 ganske kort tid, kroppen bliver virkelig trimmet og man bliver helt klart st\u00e6rkere &#8211; PR\u00d8V DET, de form\u00e5r virkelig at finde den rette balance.<br \/>\n\u2b50\ufe0f\u2b50\ufe0f\u2b50\ufe0f\u2b50\ufe0f\u2b50\ufe0f<br \/>\n\t\t\t\t\t\t<img decoding=\"async\" src=\"https:\/\/treatable.dk\/wp-content\/uploads\/2025\/12\/Marianne-Poulsen-1-1-1-1.jpg\" alt=\"Marianne Poulsen\"><br \/>\n\t\t\t\t\t\t\t\t<cite>Marianne Poulsen<\/cite><br \/>\n\t\t\t\t\t\tAllerede efter et par uger kunne jeg m\u00e6rke en markant forskel i min ryg, som jeg ellers havde en del problemer med. Og nu, efter de f\u00f8rste 8 uger, er min ryg uden smerter og problemer. Jeg gl\u00e6der mig til n\u00e6ste runde.<br \/>\n\u2b50\ufe0f\u2b50\ufe0f\u2b50\ufe0f\u2b50\ufe0f\u2b50\ufe0f<br \/>\n\t\t\t\t\t\t<img decoding=\"async\" src=\"https:\/\/treatable.dk\/wp-content\/uploads\/2025\/12\/Pauline-Uhre-1-1-1-1.jpg\" alt=\"Pauline Uhre Hauge\"><br \/>\n\t\t\t\t\t\t\t\t<cite>Pauline Uhre Hauge<\/cite><br \/>\n\t\t\t\t\t\tUdend\u00f8rs, varieret, motiverende tr\u00e6ning. Der kan n\u00e6sten ikke siges nok godt om det. Ikke to tr\u00e6ninger er ens, men man kan alligevel tydeligt m\u00e6rke fremgang. Det er magisk at kunne m\u00e6rke effekten af tr\u00e6ningen i alle muskler.<br \/>\n\u2b50\ufe0f\u2b50\ufe0f\u2b50\ufe0f\u2b50\ufe0f\u2b50\ufe0f<br \/>\n\t\t\t\t\t\t<img decoding=\"async\" src=\"https:\/\/treatable.dk\/wp-content\/uploads\/2025\/12\/Tine-Anette-Ingmann-Mejer-1-1-1-1.jpg\" alt=\"Tine Anette Ingmann Mejer\"><br \/>\n\t\t\t\t\t\t\t\t<cite>Tine Anette Ingmann Mejer<\/cite><br \/>\n\t\t\t\t\t\tP\u00e5 blot en m\u00e5ned har jeg kunne m\u00e6rke tydelig forskel i styrke, kondition og ikke mindst mere overskud og mindre tr\u00e6thed i hverdagen! OG s\u00e5 er det i gode omgivelser og fantastisk selskab med en god hold\u00e5nd og engagement.<br \/>\n\u2b50\ufe0f\u2b50\ufe0f\u2b50\ufe0f\u2b50\ufe0f\u2b50\ufe0f<br \/>\n\t\t\t\t\t\t<img decoding=\"async\" src=\"https:\/\/treatable.dk\/wp-content\/uploads\/2025\/12\/Amy-Louise-Bretton-1-1-1-1.jpg\" alt=\"Amy Louise Bretton\"><br \/>\n\t\t\t\t\t\t\t\t<cite>Amy Louise Bretton<\/cite><br \/>\n\t\t\t\t\t\tMine resultater fra sommerens deltagelse har indtil videre givet et v\u00e6gttab i juli p\u00e5 5 kg og en krop der kan lave \u00f8velser, som jeg ikke har kunnet i flere \u00e5r!. Efter mange skader og operationer er jeg glad for at blive rettet i mine \u00f8velser!<br \/>\n\u2b50\ufe0f\u2b50\ufe0f\u2b50\ufe0f\u2b50\ufe0f\u2b50\ufe0f<br \/>\n\t\t\t\t\t\t<img decoding=\"async\" src=\"https:\/\/treatable.dk\/wp-content\/uploads\/2025\/12\/Anne-Haarmark-1-1-1-1.jpg\" alt=\"Anne Haarmark\"><br \/>\n\t\t\t\t\t\t\t\t<cite>Anne Haarmark<\/cite><br \/>\n\t\t\t\t\t\tHer f\u00e5r man en god vejledning i at g\u00f8re \u00f8velserne helt rigtigt, s\u00e5 man f\u00e5r mest muligt ud af sin tr\u00e6ning uden at g\u00f8re skade p\u00e5 sig selv. Jeg er altid i godt hum\u00f8r n\u00e5r jeg kommer fra tr\u00e6ning og det er aldrig tr\u00e6ls at skulle afsted.<br \/>\n\u2b50\ufe0f\u2b50\ufe0f\u2b50\ufe0f\u2b50\ufe0f\u2b50\ufe0f<br \/>\n\t\t\t\t\t\t<img decoding=\"async\" src=\"https:\/\/treatable.dk\/wp-content\/uploads\/2025\/12\/Solveig-Rense-1-1-1-1.jpg\" alt=\"Solveig Rense\"><br \/>\n\t\t\t\t\t\t\t\t<cite>Solveig Rense<\/cite>\t\t\t<\/p>\n<p data-start=\"607\" data-end=\"724\">Smerte er ikke n\u00f8dvendigvis et tegn p\u00e5 skade.<br data-start=\"652\" data-end=\"655\" \/>Det er et tegn p\u00e5, at belastningen har overstiget kroppens\u00a0kapacitet.\u00a0<\/p>\n<p>De fleste behandlinger fokusere p\u00e5 at d\u00e6mper signalet.\u00a0Hos Treatable g\u00e5r vi et spadestik dybere og\u00a0finder den bagvedliggende \u00e5rsag til dine smerter.<\/p>\n<p data-start=\"865\" data-end=\"1068\">Smerter opst\u00e5r nemlig sj\u00e6ldent isoleret. Kroppen fungerer som et sammenh\u00e6ngende system, hvor bev\u00e6gelse, styrke, belastning og nervesystem arbejder t\u00e6t sammen. N\u00e5r \u00e9n del mister kapacitet, p\u00e5virker det helheden.Derfor behandler vi ikke kun det omr\u00e5de, hvor det g\u00f8r ondt.<\/p>\n<p data-start=\"1131\" data-end=\"1305\">Vi analyserer, hvordan din krop bev\u00e6ger sig som helhed, hvor styrken er reduceret, hvor bev\u00e6gem\u00f8nstre er indskr\u00e6nket, og hvor belastningen overstiger din nuv\u00e6rende tolerance.\u00a0Ofte sidder \u00e5rsagen ikke d\u00e9r, hvor smerten m\u00e6rkes \u2013 men i den samlede m\u00e5de kroppen h\u00e5ndterer belastning p\u00e5.<\/p>\n<p data-start=\"1416\" data-end=\"1585\">Gennem m\u00e5lrettet styrketr\u00e6ning og pr\u00e6cis manuel behandling genopbygger vi den kapacitet, som mangler, s\u00e5 kroppen igen kan fungere som et st\u00e6rkt og sammenh\u00e6ngende system.\u00a0N\u00e5r kapaciteten h\u00e6ves, mister smerte sin funktion.<\/p>\n<p>\t\t\t\t\t\t\t<iframe\n    src=\"https:\/\/api.leadconnectorhq.com\/widget\/form\/y3JA949Vb94OrGvEWb4B\"\n    style=\"width:100%;height:100%;border:none;border-radius:3px\"\n    id=\"inline-y3JA949Vb94OrGvEWb4B\" \n    data-layout=\"{'id':'INLINE'}\"\n    data-trigger-type=\"alwaysShow\"\n    data-trigger-value=\"\"\n    data-activation-type=\"alwaysActivated\"\n    data-activation-value=\"\"\n    data-deactivation-type=\"neverDeactivate\"\n    data-deactivation-value=\"\"\n    data-form-name=\"Form 7\"\n    data-height=\"822\"\n    data-layout-iframe-id=\"inline-y3JA949Vb94OrGvEWb4B\"\n    data-form-id=\"y3JA949Vb94OrGvEWb4B\"\n    title=\"Form 7\"\n        ><br \/>\n<\/iframe><br \/>\n\t\t\t\t\t<!-- Elfsight Google Reviews | Untitled Google Reviews --><\/p>\n<h2>Hvem er vi ?<\/h2>\n<p>\t\tVi er statsautoriserede fysioterapeuter Nicolas Rockland og S\u00f8ren Mussmann, og vi driver en klinik i Aarhus med fokus p\u00e5 holistisk fysioterapi og individuel behandling. Vores overbevisning er, at kroppens naturlige bev\u00e6gem\u00f8nstre og evne til selvheling kan styrkes gennem korrekt behandling og tr\u00e6ning.Hos os f\u00e5r du ikke en \u201cstandardpakke\u201d \u2013 vi tilpasser behandlingsforl\u00f8bet pr\u00e6cist til dig. Ved hj\u00e6lp af manuel fysioterapi, smertelindrende teknikker og m\u00e5lrettet tr\u00e6ning arbejder vi for at genoprette dine led, muskler og bindev\u00e6v \u2013 og dermed hj\u00e6lpe dig fra smerte til smertefrihed. Vi prioriterer at f\u00f8lge dig t\u00e6t i hele forl\u00f8bet, s\u00e5 du f\u00e5r tryghed, klar dialog og konkrete resultater.N\u00e5r du s\u00f8ger \u201cfysioterapeut Aarhus\u201d, vil vi gerne v\u00e6re det naturlige valg.<br \/>\n\t\t\t\t\t\t\t\t\t\t\t\t\t\t\t\t\t<img fetchpriority=\"high\" decoding=\"async\" width=\"904\" height=\"1024\" src=\"https:\/\/treatable.dk\/wp-content\/uploads\/2025\/12\/Ze4RvEkSEAV7kiQcuvwtp-904x1024.jpg\" alt=\"\" srcset=\"https:\/\/treatable.dk\/wp-content\/uploads\/2025\/12\/Ze4RvEkSEAV7kiQcuvwtp-904x1024.jpg 904w, https:\/\/treatable.dk\/wp-content\/uploads\/2025\/12\/Ze4RvEkSEAV7kiQcuvwtp-265x300.jpg 265w, https:\/\/treatable.dk\/wp-content\/uploads\/2025\/12\/Ze4RvEkSEAV7kiQcuvwtp-768x870.jpg 768w, https:\/\/treatable.dk\/wp-content\/uploads\/2025\/12\/Ze4RvEkSEAV7kiQcuvwtp.jpg 960w\" sizes=\"(max-width: 904px) 100vw, 904px\" \/>\t\t\t\t\t\t\t\t\t\t\t\t\t\t\t\t<\/p>\n<h2>Skriv en besked<\/h2>\n<p>\t\t&nbsp; &nbsp; &nbsp; &nbsp; &nbsp;Telefon: 70 20 10 70&nbsp; &nbsp; &nbsp; &nbsp; &nbsp; &nbsp; &nbsp; &nbsp; &nbsp; &nbsp; &nbsp;Kontakt@fysiobootcamp.dkJeg sidder klar ved telefonen\u00a0mandag &#8211; torsdag fra 12:30 til 14.30<br \/>\n\t\t\t<svg aria-hidden=\"true\" viewBox=\"0 0 512 512\" xmlns=\"http:\/\/www.w3.org\/2000\/svg\"><path d=\"M497.39 361.8l-112-48a24 24 0 0 0-28 6.9l-49.6 60.6A370.66 370.66 0 0 1 130.6 204.11l60.6-49.6a23.94 23.94 0 0 0 6.9-28l-48-112A24.16 24.16 0 0 0 122.6.61l-104 24A24 24 0 0 0 0 48c0 256.5 207.9 464 464 464a24 24 0 0 0 23.4-18.6l24-104a24.29 24.29 0 0 0-14.01-27.6z\"><\/path><\/svg><br \/>\n\t\t\t<svg aria-hidden=\"true\" viewBox=\"0 0 576 512\" xmlns=\"http:\/\/www.w3.org\/2000\/svg\"><path d=\"M160 448c-25.6 0-51.2-22.4-64-32-64-44.8-83.2-60.8-96-70.4V480c0 17.67 14.33 32 32 32h256c17.67 0 32-14.33 32-32V345.6c-12.8 9.6-32 25.6-96 70.4-12.8 9.6-38.4 32-64 32zm128-192H32c-17.67 0-32 14.33-32 32v16c25.6 19.2 22.4 19.2 115.2 86.4 9.6 6.4 28.8 25.6 44.8 25.6s35.2-19.2 44.8-22.4c92.8-67.2 89.6-67.2 115.2-86.4V288c0-17.67-14.33-32-32-32zm256-96H224c-17.67 0-32 14.33-32 32v32h96c33.21 0 60.59 25.42 63.71 57.82l.29-.22V416h192c17.67 0 32-14.33 32-32V192c0-17.67-14.33-32-32-32zm-32 128h-64v-64h64v64zm-352-96c0-35.29 28.71-64 64-64h224V32c0-17.67-14.33-32-32-32H96C78.33 0 64 14.33 64 32v192h96v-32z\"><\/path><\/svg><br \/>\n\t\t\t\t\t\tJeg havde inden forl\u00f8bet problemer med at l\u00f8be pga smerter fra venstre hofte\/balle, men efter 2 m\u00e5neders forl\u00f8b med styrketr\u00e6ning, er det faktisk forsvundet og jeg l\u00f8ber nu ca. 15-20 km om ugen. Jeg tager lige 2 m\u00e5neder mere!<br \/>\n\u2b50\ufe0f\u2b50\ufe0f\u2b50\ufe0f\u2b50\ufe0f\u2b50\ufe0f<br \/>\n\t\t\t\t\t\t<img decoding=\"async\" src=\"https:\/\/treatable.dk\/wp-content\/uploads\/2025\/12\/Rikke-Moeller-Christensen-1-1-1.jpg\" alt=\"Rikke M\u00f8ller Christensen\"><br \/>\n\t\t\t\t\t\t\t\t<cite>Rikke M\u00f8ller Christensen<\/cite><br \/>\n\t\t\t\t\t\tEn helt ny m\u00e5de at tr\u00e6ne p\u00e5! Fantastisk viden fra instrukt\u00f8rerne &#038; godt sammenhold! Jeg fik mere energi i hverdagen &#8211; og sov bedre om natten. Det har givet mig sparket til at komme igang med tr\u00e6ning igen.<br \/>\n\u2b50\ufe0f\u2b50\ufe0f\u2b50\ufe0f\u2b50\ufe0f\u2b50\ufe0f<br \/>\n\t\t\t\t\t\t<img decoding=\"async\" src=\"https:\/\/treatable.dk\/wp-content\/uploads\/2025\/12\/Mette-Hjortshoej-1-1-1.jpg\" alt=\"Mette Hjortsh\u00f8j\"><br \/>\n\t\t\t\t\t\t\t\t<cite>Mette Hjortsh\u00f8j<\/cite><br \/>\n\t\t\t\t\t\tFysio Bootcamp tilbyder den sjoveste, mest effektive og mest varierede tr\u00e6ning, jeg endnu har pr\u00f8vet. Kan varmt anbefales enhver, som finder konventionel fitnesscenter-tr\u00e6ning kedeligt, og som desuden v\u00e6gter kropsvenlig tr\u00e6ning h\u00f8jt.<br \/>\n\u2b50\ufe0f\u2b50\ufe0f\u2b50\ufe0f\u2b50\ufe0f\u2b50\ufe0f<br \/>\n\t\t\t\t\t\t<img decoding=\"async\" src=\"https:\/\/treatable.dk\/wp-content\/uploads\/2025\/12\/Mads-Bo-Falk-1-1-1.jpg\" alt=\"Mads Bo Falk\"><br \/>\n\t\t\t\t\t\t\t\t<cite>Mads Bo Falk<\/cite><br \/>\n\t\t\t\t\t\tFysio Bootcamp kan anbefales til alle og enhver. Tr\u00e6ningen er h\u00e5rd, sjov, l\u00e6rerig og giver masser af fornyet energi. Samtidig beh\u00f8ver man ikke v\u00e6re i topform for at kunne v\u00e6re med, og der tages h\u00f8jde for eventuelle skader.<br \/>\n\u2b50\ufe0f\u2b50\ufe0f\u2b50\ufe0f\u2b50\ufe0f\u2b50\ufe0f<br \/>\n\t\t\t\t\t\t<img decoding=\"async\" src=\"https:\/\/treatable.dk\/wp-content\/uploads\/2025\/12\/Asta-1-1-1.jpg\" alt=\"Asta Stranddorf Gislason\"><br \/>\n\t\t\t\t\t\t\t\t<cite>Asta Stranddorf Gislason<\/cite><br \/>\n\t\t\t\t\t\t\u00c9n ting er helt sikkert, man kan virkelig m\u00e6rke og SE en markant forandring af kroppen p\u00e5 ganske kort tid, kroppen bliver virkelig trimmet og man bliver helt klart st\u00e6rkere &#8211; PR\u00d8V DET, de form\u00e5r virkelig at finde den rette balance.<br \/>\n\u2b50\ufe0f\u2b50\ufe0f\u2b50\ufe0f\u2b50\ufe0f\u2b50\ufe0f<br \/>\n\t\t\t\t\t\t<img decoding=\"async\" src=\"https:\/\/treatable.dk\/wp-content\/uploads\/2025\/12\/Marianne-Poulsen-1-1-1.jpg\" alt=\"Marianne Poulsen\"><br \/>\n\t\t\t\t\t\t\t\t<cite>Marianne Poulsen<\/cite><br \/>\n\t\t\t\t\t\tAllerede efter et par uger kunne jeg m\u00e6rke en markant forskel i min ryg, som jeg ellers havde en del problemer med. Og nu, efter de f\u00f8rste 8 uger, er min ryg uden smerter og problemer. Jeg gl\u00e6der mig til n\u00e6ste runde.<br \/>\n\u2b50\ufe0f\u2b50\ufe0f\u2b50\ufe0f\u2b50\ufe0f\u2b50\ufe0f<br \/>\n\t\t\t\t\t\t<img decoding=\"async\" src=\"https:\/\/treatable.dk\/wp-content\/uploads\/2025\/12\/Pauline-Uhre-1-1-1.jpg\" alt=\"Pauline Uhre Hauge\"><br \/>\n\t\t\t\t\t\t\t\t<cite>Pauline Uhre Hauge<\/cite><br \/>\n\t\t\t\t\t\tUdend\u00f8rs, varieret, motiverende tr\u00e6ning. Der kan n\u00e6sten ikke siges nok godt om det. Ikke to tr\u00e6ninger er ens, men man kan alligevel tydeligt m\u00e6rke fremgang. Det er magisk at kunne m\u00e6rke effekten af tr\u00e6ningen i alle muskler.<br \/>\n\u2b50\ufe0f\u2b50\ufe0f\u2b50\ufe0f\u2b50\ufe0f\u2b50\ufe0f<br \/>\n\t\t\t\t\t\t<img decoding=\"async\" src=\"https:\/\/treatable.dk\/wp-content\/uploads\/2025\/12\/Tine-Anette-Ingmann-Mejer-1-1-1.jpg\" alt=\"Tine Anette Ingmann Mejer\"><br \/>\n\t\t\t\t\t\t\t\t<cite>Tine Anette Ingmann Mejer<\/cite><br \/>\n\t\t\t\t\t\tP\u00e5 blot en m\u00e5ned har jeg kunne m\u00e6rke tydelig forskel i styrke, kondition og ikke mindst mere overskud og mindre tr\u00e6thed i hverdagen! OG s\u00e5 er det i gode omgivelser og fantastisk selskab med en god hold\u00e5nd og engagement.<br \/>\n\u2b50\ufe0f\u2b50\ufe0f\u2b50\ufe0f\u2b50\ufe0f\u2b50\ufe0f<br \/>\n\t\t\t\t\t\t<img decoding=\"async\" src=\"https:\/\/treatable.dk\/wp-content\/uploads\/2025\/12\/Amy-Louise-Bretton-1-1-1.jpg\" alt=\"Amy Louise Bretton\"><br \/>\n\t\t\t\t\t\t\t\t<cite>Amy Louise Bretton<\/cite><br \/>\n\t\t\t\t\t\tMine resultater fra sommerens deltagelse har indtil videre givet et v\u00e6gttab i juli p\u00e5 5 kg og en krop der kan lave \u00f8velser, som jeg ikke har kunnet i flere \u00e5r!. Efter mange skader og operationer er jeg glad for at blive rettet i mine \u00f8velser!<br \/>\n\u2b50\ufe0f\u2b50\ufe0f\u2b50\ufe0f\u2b50\ufe0f\u2b50\ufe0f<br \/>\n\t\t\t\t\t\t<img decoding=\"async\" src=\"https:\/\/treatable.dk\/wp-content\/uploads\/2025\/12\/Anne-Haarmark-1-1-1.jpg\" alt=\"Anne Haarmark\"><br \/>\n\t\t\t\t\t\t\t\t<cite>Anne Haarmark<\/cite><br \/>\n\t\t\t\t\t\tHer f\u00e5r man en god vejledning i at g\u00f8re \u00f8velserne helt rigtigt, s\u00e5 man f\u00e5r mest muligt ud af sin tr\u00e6ning uden at g\u00f8re skade p\u00e5 sig selv. Jeg er altid i godt hum\u00f8r n\u00e5r jeg kommer fra tr\u00e6ning og det er aldrig tr\u00e6ls at skulle afsted.<br \/>\n\u2b50\ufe0f\u2b50\ufe0f\u2b50\ufe0f\u2b50\ufe0f\u2b50\ufe0f<br \/>\n\t\t\t\t\t\t<img decoding=\"async\" src=\"https:\/\/treatable.dk\/wp-content\/uploads\/2025\/12\/Solveig-Rense-1-1-1.jpg\" alt=\"Solveig Rense\"><br \/>\n\t\t\t\t\t\t\t\t<cite>Solveig Rense<\/cite><\/p>\n","protected":false},"excerpt":{"rendered":"<p>En varig l\u00f8sning p\u00e5 dine smerter ? Book en gratis &amp; uforpligtende snak i dag og f\u00e5 professionel hj\u00e6lp til [&hellip;]<\/p>\n","protected":false},"author":1,"featured_media":0,"parent":0,"menu_order":0,"comment_status":"closed","ping_status":"closed","template":"","meta":{"site-sidebar-layout":"default","site-content-layout":"plain-container","ast-site-content-layout":"default","site-content-style":"default","site-sidebar-style":"default","ast-global-header-display":"","ast-banner-title-visibility":"","ast-main-header-display":"","ast-hfb-above-header-display":"","ast-hfb-below-header-display":"","ast-hfb-mobile-header-display":"","site-post-title":"disabled","ast-breadcrumbs-content":"","ast-featured-img":"","footer-sml-layout":"","ast-disable-related-posts":"","theme-transparent-header-meta":"enabled","adv-header-id-meta":"","stick-header-meta":"","header-above-stick-meta":"","header-main-stick-meta":"","header-below-stick-meta":"","astra-migrate-meta-layouts":"default","ast-page-background-enabled":"default","ast-page-background-meta":{"desktop":{"background-color":"var(--ast-global-color-5)","background-image":"","background-repeat":"repeat","background-position":"center center","background-size":"auto","background-attachment":"scroll","background-type":"","background-media":"","overlay-type":"","overlay-color":"","overlay-opacity":"","overlay-gradient":""},"tablet":{"background-color":"","background-image":"","background-repeat":"repeat","background-position":"center center","background-size":"auto","background-attachment":"scroll","background-type":"","background-media":"","overlay-type":"","overlay-color":"","overlay-opacity":"","overlay-gradient":""},"mobile":{"background-color":"","background-image":"","background-repeat":"repeat","background-position":"center center","background-size":"auto","background-attachment":"scroll","background-type":"","background-media":"","overlay-type":"","overlay-color":"","overlay-opacity":"","overlay-gradient":""}},"ast-content-background-meta":{"desktop":{"background-color":"var(--ast-global-color-4)","background-image":"","background-repeat":"repeat","background-position":"center center","background-size":"auto","background-attachment":"scroll","background-type":"","background-media":"","overlay-type":"","overlay-color":"","overlay-opacity":"","overlay-gradient":""},"tablet":{"background-color":"var(--ast-global-color-4)","background-image":"","background-repeat":"repeat","background-position":"center center","background-size":"auto","background-attachment":"scroll","background-type":"","background-media":"","overlay-type":"","overlay-color":"","overlay-opacity":"","overlay-gradient":""},"mobile":{"background-color":"var(--ast-global-color-4)","background-image":"","background-repeat":"repeat","background-position":"center center","background-size":"auto","background-attachment":"scroll","background-type":"","background-media":"","overlay-type":"","overlay-color":"","overlay-opacity":"","overlay-gradient":""}},"footnotes":""},"class_list":["post-10","page","type-page","status-publish","hentry"],"_links":{"self":[{"href":"https:\/\/treatable.dk\/index.php?rest_route=\/wp\/v2\/pages\/10","targetHints":{"allow":["GET"]}}],"collection":[{"href":"https:\/\/treatable.dk\/index.php?rest_route=\/wp\/v2\/pages"}],"about":[{"href":"https:\/\/treatable.dk\/index.php?rest_route=\/wp\/v2\/types\/page"}],"author":[{"embeddable":true,"href":"https:\/\/treatable.dk\/index.php?rest_route=\/wp\/v2\/users\/1"}],"replies":[{"embeddable":true,"href":"https:\/\/treatable.dk\/index.php?rest_route=%2Fwp%2Fv2%2Fcomments&post=10"}],"version-history":[{"count":119,"href":"https:\/\/treatable.dk\/index.php?rest_route=\/wp\/v2\/pages\/10\/revisions"}],"predecessor-version":[{"id":867,"href":"https:\/\/treatable.dk\/index.php?rest_route=\/wp\/v2\/pages\/10\/revisions\/867"}],"wp:attachment":[{"href":"https:\/\/treatable.dk\/index.php?rest_route=%2Fwp%2Fv2%2Fmedia&parent=10"}],"curies":[{"name":"wp","href":"https:\/\/api.w.org\/{rel}","templated":true}]}}